{"id":47454,"date":"2024-04-29T19:48:41","date_gmt":"2024-04-29T17:48:41","guid":{"rendered":"https:\/\/assrep.de\/assessorenrep\/?page_id=47454"},"modified":"2024-05-01T14:51:40","modified_gmt":"2024-05-01T12:51:40","slug":"b-8-nebenfolgen","status":"publish","type":"page","link":"https:\/\/assrep.de\/assessorenrep\/b-8-nebenfolgen\/","title":{"rendered":"B.8. Nebenfolgen"},"content":{"rendered":"<p>[et_pb_section fb_built=&#8220;1&#8243; specialty=&#8220;on&#8220; module_id=&#8220;fullwidth-specialty-section&#8220; module_class=&#8220;fullwidth-specialty-section&#8220; _builder_version=&#8220;4.24.3&#8243; _module_preset=&#8220;default&#8220; global_colors_info=&#8220;{}&#8220; theme_builder_area=&#8220;post_content&#8220;][et_pb_column type=&#8220;1_3&#8243; _builder_version=&#8220;4.16&#8243; custom_padding=&#8220;|||&#8220; global_colors_info=&#8220;{}&#8220; custom_padding__hover=&#8220;|||&#8220; theme_builder_area=&#8220;post_content&#8220;][et_pb_text _builder_version=&#8220;4.24.3&#8243; _module_preset=&#8220;default&#8220; text_font_size=&#8220;16px&#8220; text_line_height=&#8220;1em&#8220; background_color=&#8220;#f7f7f7&#8243; custom_margin=&#8220;||||false|false&#8220; custom_padding=&#8220;20px|20px|20px|20px|true|true&#8220; box_shadow_style=&#8220;preset1&#8243; locked=&#8220;off&#8220; global_colors_info=&#8220;{}&#8220; theme_builder_area=&#8220;post_content&#8220;]<\/p>\n<p><strong>B. Pr\u00fcfung des hTV<\/strong><\/p>\n<p><span style=\"color: #666666;\"><a href=\"b-1-rechtliches-gehoer\" style=\"color: #666666;\">1. Rechtliches Geh\u00f6r<\/a><\/span><\/p>\n<p><span style=\"color: #666666;\"><a href=\"b-2-der-obersatz\" style=\"color: #666666;\">2. Der Obersatz<\/a><\/span><\/p>\n<p><span style=\"color: #666666;\"><a href=\"b-3-a-einleitung\" style=\"color: #666666;\">3. Strafklageverbrauch<\/a><\/span><\/p>\n<p><span style=\"color: #666666;\"><a href=\"b-4-a-einleitung\" style=\"color: #666666;\">4. Strafantragsdelikte<\/a><\/span><\/p>\n<p><span style=\"color: #666666;\"><a href=\"b-5-a-einleitung\" style=\"color: #666666;\">5. Verj\u00e4hrung<\/a><\/span><\/p>\n<p><span style=\"color: #666666;\"><a href=\"b-6-boeffi-und-oeffi\" style=\"color: #666666;\">6. B\u00d6ffi &amp; \u00d6ffi<\/a><\/span><\/p>\n<p><span style=\"color: #666666;\"><a href=\"b-7-konkurrenzen\" style=\"color: #666666;\">7. Konkurrenzen<\/a><\/span><\/p>\n<p><span style=\"color: #d30706;\"><a href=\"b-8-nebenfolgen\" style=\"color: #d30706;\">8. Nebenfolgen<\/a><\/span><\/p>\n<p>[\/et_pb_text][et_pb_button button_url=&#8220;@ET-DC@eyJkeW5hbWljIjp0cnVlLCJjb250ZW50IjoicG9zdF9saW5rX3VybF9wYWdlIiwic2V0dGluZ3MiOnsicG9zdF9pZCI6IjQ3MzQyIn19@&#8220; button_text=&#8220;Inhaltsverzeichnis \/ Kontakt&#8220; button_alignment=&#8220;center&#8220; _builder_version=&#8220;4.24.3&#8243; _dynamic_attributes=&#8220;button_url&#8220; _module_preset=&#8220;default&#8220; custom_button=&#8220;on&#8220; button_text_color=&#8220;#FFFFFF&#8220; button_bg_color=&#8220;#666666&#8243; button_border_width=&#8220;0px&#8220; button_border_color=&#8220;RGBA(255,255,255,0)&#8220; button_use_icon=&#8220;off&#8220; box_shadow_style=&#8220;preset1&#8243; locked=&#8220;off&#8220; global_colors_info=&#8220;{}&#8220; button_bg_color__hover_enabled=&#8220;on|hover&#8220; button_bg_color__hover=&#8220;#666666&#8243; button_bg_enable_color__hover=&#8220;on&#8220; button_text_color__hover_enabled=&#8220;on|hover&#8220; button_text_color__hover=&#8220;#adadad&#8220; theme_builder_area=&#8220;post_content&#8220;][\/et_pb_button][\/et_pb_column][et_pb_column type=&#8220;2_3&#8243; specialty_columns=&#8220;2&#8243; _builder_version=&#8220;4.16&#8243; custom_padding=&#8220;|||&#8220; global_colors_info=&#8220;{}&#8220; custom_padding__hover=&#8220;|||&#8220; theme_builder_area=&#8220;post_content&#8220;][et_pb_row_inner _builder_version=&#8220;4.24.3&#8243; _module_preset=&#8220;default&#8220; global_colors_info=&#8220;{}&#8220; theme_builder_area=&#8220;post_content&#8220;][et_pb_column_inner saved_specialty_column_type=&#8220;2_3&#8243; _builder_version=&#8220;4.24.3&#8243; _module_preset=&#8220;default&#8220; global_colors_info=&#8220;{}&#8220; theme_builder_area=&#8220;post_content&#8220;][et_pb_code _builder_version=&#8220;4.24.3&#8243; _module_preset=&#8220;default&#8220; hover_enabled=&#8220;0&#8243; box_shadow_style=&#8220;preset1&#8243; global_colors_info=&#8220;{}&#8220; theme_builder_area=&#8220;post_content&#8220; sticky_enabled=&#8220;0&#8243;]<span class=\"fr-video fr-draggable\" contenteditable=\"false\"><iframe loading=\"lazy\" src=\"https:\/\/player.vimeo.com\/video\/245593312\" webkitallowfullscreen=\"\" mozallowfullscreen=\"\" allowfullscreen=\"\" width=\"960\" height=\"540\" frameborder=\"0\" class=\"fr-draggable\"><\/iframe><\/span>[\/et_pb_code][\/et_pb_column_inner][\/et_pb_row_inner][et_pb_row_inner _builder_version=&#8220;4.24.3&#8243; _module_preset=&#8220;default&#8220; locked=&#8220;off&#8220; global_colors_info=&#8220;{}&#8220; theme_builder_area=&#8220;post_content&#8220;][et_pb_column_inner saved_specialty_column_type=&#8220;2_3&#8243; _builder_version=&#8220;4.24.3&#8243; _module_preset=&#8220;default&#8220; global_colors_info=&#8220;{}&#8220; theme_builder_area=&#8220;post_content&#8220;][et_pb_cta button_text=&#8220;Klicks&#8220; _builder_version=&#8220;4.24.3&#8243; _module_preset=&#8220;default&#8220; body_font_size=&#8220;16px&#8220; custom_padding=&#8220;20px|20px|20px|20px|true|true&#8220; box_shadow_style=&#8220;preset1&#8243; global_colors_info=&#8220;{}&#8220; theme_builder_area=&#8220;post_content&#8220;]<\/p>\n<p style=\"text-align: left;\">Die typische Rechtsfolge eines Strafurteils ist die Geld- oder Freiheitsstrafe. Das Gesetz sieht jedoch noch weitere belastende <strong>Nebenfolgen<\/strong> im Strafurteil vor, wie z.B. die <strong>Entziehung der Fahrerlaubnis<\/strong> oder die <strong>Einziehung<\/strong>.<\/p>\n<p style=\"text-align: left;\">Sie pr\u00fcfen entweder im A-Gutachten (so in NRW und im GPA-Bereich) oder im B-Gutachten (z.B. Niedersachsen), ob die Voraussetzungen dieser Nebenfolgen vorliegen. Liegen sie vor, m\u00fcssen Sie in der Anklageschrift einen Hinweis auf diese Nebenfolge erteilen. <strong>Wichtig<\/strong>: Verwechseln Sie diese Hinweise in der Anklageschrift nicht mit vorbereitenden Antr\u00e4gen.<\/p>\n<p style=\"text-align: left;\">Ein <strong>Beispiel<\/strong>: Der Beschuldigte f\u00e4hrt im Zustand absoluter Fahrunt\u00fcchtigkeit mit einem PKW. Sie pr\u00fcfen:<\/p>\n<ol>\n<li style=\"text-align: left;\"><strong>Hinweis in der Anklage<\/strong>: Voraussetzungen des \u00a7\u00a7 69, 69a StGB. Liegen Sie vor, erteilen Sie einen Hinweis auf die Nebenfolge in der Anklageschrift.<\/li>\n<li style=\"text-align: left;\"><strong>Antrag in der Abschlussverf\u00fcgung<\/strong>: Voraussetzungen des \u00a7 111a StPO. Liegen Sie vor, stellen Sie den Antrag auf vorl\u00e4ufige Entziehung der Fe in der Abschlussverf\u00fcgung (anders in Niedersachsen, wo im Examen typischerweise keine Abschlussverf\u00fcgung zu fassen ist).<\/li>\n<\/ol>\n<p style=\"text-align: left;\">Wir besprechen die typischen Nebenfolgen in der Klausur in unserem Modul <strong>B-Gutachten<\/strong>.<\/p>\n<p>[\/et_pb_cta][\/et_pb_column_inner][\/et_pb_row_inner][et_pb_row_inner column_structure=&#8220;1_2,1_2&#8243; _builder_version=&#8220;4.24.3&#8243; _module_preset=&#8220;default&#8220; locked=&#8220;off&#8220; global_colors_info=&#8220;{}&#8220; button_text_color__hover=&#8220;#ADADAD&#8220; button_text_color__hover_enabled=&#8220;on|hover&#8220; button_bg_color__hover=&#8220;#E02B20&#8243; button_bg_color__hover_enabled=&#8220;on|hover&#8220; theme_builder_area=&#8220;post_content&#8220;][et_pb_column_inner type=&#8220;1_2&#8243; saved_specialty_column_type=&#8220;2_3&#8243; _builder_version=&#8220;4.24.3&#8243; _module_preset=&#8220;default&#8220; global_colors_info=&#8220;{}&#8220; theme_builder_area=&#8220;post_content&#8220;][et_pb_button button_url=&#8220;@ET-DC@eyJkeW5hbWljIjp0cnVlLCJjb250ZW50IjoicG9zdF9saW5rX3VybF9wYWdlIiwic2V0dGluZ3MiOnsicG9zdF9pZCI6IjQ3NDUyIn19@&#8220; button_text=&#8220;Vorherige Lektion&#8220; button_alignment=&#8220;center&#8220; _builder_version=&#8220;4.24.3&#8243; _dynamic_attributes=&#8220;button_url&#8220; _module_preset=&#8220;default&#8220; custom_button=&#8220;on&#8220; button_text_color=&#8220;#FFFFFF&#8220; button_border_width=&#8220;0px&#8220; button_border_color=&#8220;RGBA(255,255,255,0)&#8220; button_icon=&#8220;&#x3c;||divi||400&#8243; button_icon_placement=&#8220;left&#8220; button_on_hover=&#8220;off&#8220; hover_enabled=&#8220;0&#8243; box_shadow_style=&#8220;preset1&#8243; global_colors_info=&#8220;{}&#8220; button_bg_color__hover_enabled=&#8220;on|hover&#8220; button_bg_color__hover=&#8220;#E02B20&#8243; button_bg_enable_color__hover=&#8220;on&#8220; button_text_color__hover_enabled=&#8220;on|hover&#8220; button_text_color__hover=&#8220;#ADADAD&#8220; theme_builder_area=&#8220;post_content&#8220; sticky_enabled=&#8220;0&#8243;][\/et_pb_button][\/et_pb_column_inner][et_pb_column_inner type=&#8220;1_2&#8243; saved_specialty_column_type=&#8220;2_3&#8243; _builder_version=&#8220;4.24.3&#8243; _module_preset=&#8220;default&#8220; global_colors_info=&#8220;{}&#8220; theme_builder_area=&#8220;post_content&#8220;][et_pb_button button_url=&#8220;@ET-DC@eyJkeW5hbWljIjp0cnVlLCJjb250ZW50IjoicG9zdF9saW5rX3VybF9wYWdlIiwic2V0dGluZ3MiOnsicG9zdF9pZCI6IjQ3NDU2In19@&#8220; button_text=&#8220;N\u00e4chste Lektion&#8220; button_alignment=&#8220;center&#8220; _builder_version=&#8220;4.24.3&#8243; _dynamic_attributes=&#8220;button_url&#8220; _module_preset=&#8220;default&#8220; custom_button=&#8220;on&#8220; button_text_color=&#8220;#FFFFFF&#8220; button_border_width=&#8220;0px&#8220; button_border_color=&#8220;RGBA(255,255,255,0)&#8220; button_icon=&#8220;&#x3d;||divi||400&#8243; button_on_hover=&#8220;off&#8220; hover_enabled=&#8220;0&#8243; box_shadow_style=&#8220;preset1&#8243; global_colors_info=&#8220;{}&#8220; button_text_color__hover_enabled=&#8220;on|hover&#8220; button_bg_color__hover_enabled=&#8220;on|hover&#8220; button_bg_color__hover=&#8220;#E02B20&#8243; button_bg_enable_color__hover=&#8220;on&#8220; button_text_color__hover=&#8220;#ADADAD&#8220; theme_builder_area=&#8220;post_content&#8220; sticky_enabled=&#8220;0&#8243;][\/et_pb_button][\/et_pb_column_inner][\/et_pb_row_inner][\/et_pb_column][\/et_pb_section]<\/p>\n","protected":false},"excerpt":{"rendered":"<p>B. Pr\u00fcfung des hTV 1. Rechtliches Geh\u00f6r 2. Der Obersatz 3. Strafklageverbrauch 4. Strafantragsdelikte 5. Verj\u00e4hrung 6. B\u00d6ffi &amp; \u00d6ffi 7. Konkurrenzen 8. NebenfolgenDie typische Rechtsfolge eines Strafurteils ist die Geld- oder Freiheitsstrafe. Das Gesetz sieht jedoch noch weitere belastende Nebenfolgen im Strafurteil vor, wie z.B. die Entziehung der Fahrerlaubnis oder die Einziehung. Sie pr\u00fcfen [&hellip;]<\/p>\n","protected":false},"author":2,"featured_media":0,"parent":0,"menu_order":0,"comment_status":"closed","ping_status":"closed","template":"","meta":{"_et_pb_use_builder":"on","_et_pb_old_content":"","_et_gb_content_width":"","pmpro_default_level":"","footnotes":""},"class_list":["post-47454","page","type-page","status-publish","hentry","pmpro-has-access"],"_links":{"self":[{"href":"https:\/\/assrep.de\/assessorenrep\/wp-json\/wp\/v2\/pages\/47454","targetHints":{"allow":["GET"]}}],"collection":[{"href":"https:\/\/assrep.de\/assessorenrep\/wp-json\/wp\/v2\/pages"}],"about":[{"href":"https:\/\/assrep.de\/assessorenrep\/wp-json\/wp\/v2\/types\/page"}],"author":[{"embeddable":true,"href":"https:\/\/assrep.de\/assessorenrep\/wp-json\/wp\/v2\/users\/2"}],"replies":[{"embeddable":true,"href":"https:\/\/assrep.de\/assessorenrep\/wp-json\/wp\/v2\/comments?post=47454"}],"version-history":[{"count":4,"href":"https:\/\/assrep.de\/assessorenrep\/wp-json\/wp\/v2\/pages\/47454\/revisions"}],"predecessor-version":[{"id":47535,"href":"https:\/\/assrep.de\/assessorenrep\/wp-json\/wp\/v2\/pages\/47454\/revisions\/47535"}],"wp:attachment":[{"href":"https:\/\/assrep.de\/assessorenrep\/wp-json\/wp\/v2\/media?parent=47454"}],"curies":[{"name":"wp","href":"https:\/\/api.w.org\/{rel}","templated":true}]}}