{"id":27,"date":"2017-08-28T18:09:51","date_gmt":"2017-08-28T16:09:51","guid":{"rendered":"http:\/\/assrep.de\/agb\/"},"modified":"2024-06-09T09:20:26","modified_gmt":"2024-06-09T07:20:26","slug":"agb","status":"publish","type":"page","link":"https:\/\/assrep.de\/assessorenrep\/agb\/","title":{"rendered":"AGB"},"content":{"rendered":"<div class=\"brz-root__container brz-reset-all\">\n<section id=\"hhhstyjioyvdmzmynvzhzbcixebnlzimwxup\" class=\"brz-section brz-css-znrdl\" data-uid=\"hhhstyjioyvdmzmynvzhzbcixebnlzimwxup\">\n<div class=\"brz-section__content brz-section--boxed brz-css-jgenl brz-css-hysiy\" data-custom-id=\"gksswdhxakwbsfjrxwprdbriyacitflnuzbg\">\n<div class=\"brz-bg\">\n<div class=\"brz-bg-color\"><\/div>\n<\/div>\n<div class=\"brz-container brz-css-guosw\">\n<div class=\"brz-css-ohodt brz-wrapper\">\n<div class=\"brz-rich-text brz-rich-text__custom brz-css-jichh\" data-custom-id=\"gvdwgrerekkqyfedlmxszrppfcaawskrrewz\">\n<div>\n<p class=\"brz-css-nlylq\"><span class=\"brz-cp-color6\"><strong>Allgemeine Gesch\u00e4ftsbedingungen<\/strong> <\/span><\/p>\n<p class=\"brz-css-ywquh\"><span class=\"brz-cp-color6\">f\u00fcr Vertr\u00e4ge \u00fcber Pr\u00e4senzseminare, Webinare und Online Kurs<\/span><\/p>\n<\/div>\n<\/div>\n<\/div>\n<div class=\"brz-css-ohodt brz-wrapper\">\n<div class=\"brz-rich-text brz-rich-text__custom brz-css-jichh\" data-custom-id=\"dhvsyxverdccsbfftbttuyfxhyadbokxufwc\">\n<div>\n<p class=\"brz-css-ywgjp\"><span class=\"brz-cp-color6\">die zwischen der AssessorenRep GbR, Wilhelmshavener Heerstra\u00dfe 79, 26125 Oldenburg (im Folgenden \u201eAnbieter\u201c) und den Kunden (im Folgenden \u201eKursh\u00f6rer\u201c) geschlossen werden.<\/span><\/p>\n<\/div>\n<\/div>\n<\/div>\n<div class=\"brz-css-ohodt brz-wrapper\">\n<div class=\"brz-rich-text brz-rich-text__custom brz-css-jichh\" data-custom-id=\"znqislnlszubcoghxnoqdgemsxyjlcewgnox\">\n<div>\n<p class=\"brz-css-ivova\"><strong><span class=\"brz-cp-color6\">\u00a7 1 \u2013 Unser Leitbild<\/span><\/strong><\/p>\n<p class=\"brz-css-xpksy\"><span class=\"brz-cp-color6\">Der Anbieter hat den Anspruch, dem Kursh\u00f6rer in den angebotenen Seminaren eine optimale Examensvorbereitung zu dem Seminarthema zu bieten. Die Zufriedenheit des Kursh\u00f6rers ist dem Anbieter sehr wichtig. Bei Problemen oder Fragen steht der Anbieter unter\u00a0info@assrep.de\u00a0stets zur Verf\u00fcgung.<\/span><\/p>\n<\/div>\n<\/div>\n<\/div>\n<div class=\"brz-css-ohodt brz-wrapper\">\n<div class=\"brz-rich-text brz-rich-text__custom brz-css-jichh\" data-custom-id=\"hjyqfvfkgzhuahupupsvkbbovoovclnmvvtz\">\n<div>\n<p class=\"brz-css-ujpcc\"><strong><span class=\"brz-cp-color6\">\u00a7 2 \u2013 Vertragsschluss<\/span><\/strong><\/p>\n<p class=\"brz-css-vfhmt\"><span class=\"brz-cp-color6\">(1) Der Kursh\u00f6rer kann &#8211; soweit aktuell angeboten &#8211; aus dem Sortiment des Anbieters Seminare, Webinare und den Online Kurs ausw\u00e4hlen und diese \u00fcber den Button \u201ein den Warenkorb legen\u201c in einem so genannten Warenkorb sammeln. \u00dcber den Button \u201eJetzt verbindlich buchen!\u201c gibt er einen verbindlichen Antrag zur Buchung der im Warenkorb befindlichen Seminare, Webinare bzw. Online Kurs ab. Vor Abschicken der Bestellung kann der Kunde die Daten jederzeit \u00e4ndern und einsehen. Der Antrag kann jedoch nur abgegeben und \u00fcbermittelt werden, wenn der Kursh\u00f6rer durch Klicken auf die Ankreuzbox \u201eMit deiner Bestellung erkl\u00e4rst du dich mit unseren Allgemeinen Gesch\u00e4ftsbedingungen und Widerrufsbestimmungen einverstanden.\u201c und \u201eF\u00fcr Dienstleistungen: Ich verlange ausdr\u00fccklich und stimme gleichzeitig zu, dass mit der in Auftrag gegebenen Dienstleistung vor Ablauf der Widerrufsfrist begonnen werden soll. Ich wei\u00df, dass mein Widerrufsrecht bei vollst\u00e4ndiger Erf\u00fcllung des Vertrages erlischt.\u201c markiert, diese Vertragsbedingungen damit akzeptiert und dadurch in seinen Antrag aufgenommen hat.<\/span><\/p>\n<p class=\"brz-css-uqnek\"><span class=\"brz-cp-color6\"> (2) Der Anbieter schickt daraufhin dem Kursh\u00f6rer eine automatische Empfangsbest\u00e4tigung per E-Mail zu, in welcher die Bestellung des Kursh\u00f6rers nochmals aufgef\u00fchrt wird und die der Kursh\u00f6rer \u00fcber die Funktion \u201eDrucken\u201c ausdrucken kann. Die automatische Empfangsbest\u00e4tigung dokumentiert lediglich, dass die Bestellung des Kursh\u00f6rers beim Anbieter eingegangen ist und stellt keine Annahme des Antrags dar. Der Vertrag kommt erst durch die Abgabe der Annahmeerkl\u00e4rung durch den Anbieter zustande, die mit einer gesonderten E-Mail (Buchungsbest\u00e4tigung) versandt wird. In dieser E-Mail oder in einer separaten E-Mail, jedoch sp\u00e4testens bei Erbringung der Dienstleistung, wird der Vertragstext (bestehend aus Bestellung, AGB und Buchungssbest\u00e4tigung) dem Kursh\u00f6rer von uns auf einem dauerhaften Datentr\u00e4ger (E-Mail oder Papierausdruck) zugesandt (Vertragsbest\u00e4tigung). Der Vertragstext wird unter Wahrung des Datenschutzes gespeichert.<\/span><\/p>\n<p class=\"brz-css-yfkdc\"><span class=\"brz-cp-color6\">(3) Der Vertragsschluss erfolgt in deutscher Sprache.<\/span><\/p>\n<\/div>\n<\/div>\n<\/div>\n<div class=\"brz-css-ohodt brz-wrapper\">\n<div class=\"brz-rich-text brz-rich-text__custom brz-css-jichh\" data-custom-id=\"swhxsflbhdocqqcgiwyfpicablcjevoenxgi\">\n<div>\n<p class=\"brz-css-fngey\"><strong><span class=\"brz-cp-color6\">\u00a7 3 \u2013\u00a0 Verf\u00fcgbarkeit von Seminarpl\u00e4tzen<\/span><\/strong><\/p>\n<p class=\"brz-css-wbdqo\"><span class=\"brz-cp-color6\">(1) Sind zum Zeitpunkt der Bestellung des Kursh\u00f6rers keine Seminarpl\u00e4tze des von ihm ausgew\u00e4hlten Seminars oder Webinare mehr verf\u00fcgbar, so teilt der Anbieter dem Kursh\u00f6rer dies in einer E-Mail unverz\u00fcglich mit. Ist ein Seminar oder Webinar ausgebucht, sieht der Anbieter von einer Annahmeerkl\u00e4rung ab. Ein Vertrag kommt in diesem Fall nicht zustande.<\/span><\/p>\n<p class=\"brz-css-rzale\"><span class=\"brz-cp-color6\">(2) Es bestehen die folgenden Beschr\u00e4nkungen: Der Anbieter schlie\u00dft Vertr\u00e4ge nur mit Kursh\u00f6rern, die ihren gew\u00f6hnlichen Aufenthalt (Rechnungsadresse) in Deutschland haben und hier eine Kontaktadresse angeben k\u00f6nnen.<\/span><\/p>\n<\/div>\n<\/div>\n<\/div>\n<div class=\"brz-css-ohodt brz-wrapper\">\n<div class=\"brz-rich-text brz-rich-text__custom brz-css-jichh\" data-custom-id=\"nfuzfwjhrenkyrlkltclwkyjimlellrmyjwh\">\n<div>\n<p class=\"brz-css-cqikh\"><strong><span class=\"brz-cp-color6\">\u00a7 4 \u2013\u00a0 Zahlungsmodalit\u00e4ten<\/span><\/strong><\/p>\n<p class=\"brz-css-fdpiq\"><span class=\"brz-cp-color6\">(1) Der Kunde kann die Zahlung bei Seminaren nur per Vorkasse per \u00dcberweisung und bei \u00a0Webinaren und dem Online Kurs per \u00dcberweisung und Paypal vornehmen. Bei Pr\u00e4senzseminaren kann der Anbieter in Ausnahmef\u00e4llen bei Buchungen kurz vor dem Termin auch Barzahlung akzeptieren. In diesem Fall stellt der Anbieter am Seminartag eine Quittung aus.<\/span><\/p>\n<p class=\"brz-css-enzxy\"><span class=\"brz-cp-color6\">(2) Die Zahlung der Seminargeb\u00fchr oder Webinar ist unmittelbar mit Vertragsschluss f\u00e4llig. <\/span><\/p>\n<p class=\"brz-css-fljei\"><span class=\"brz-cp-color6\">(3) Die Verpflichtung des Kunden zur Zahlung von Verzugszinsen schlie\u00dft die Geltendmachung weiterer Verzugssch\u00e4den durch den Anbieter nicht aus.<\/span><\/p>\n<\/div>\n<\/div>\n<\/div>\n<div class=\"brz-css-ohodt brz-wrapper\">\n<div class=\"brz-rich-text brz-rich-text__custom brz-css-jichh\" data-custom-id=\"gsghxzhmhmpukfshbghanfguuvihhakmvoth\">\n<div>\n<p class=\"brz-css-ktfdg\"><strong><span class=\"brz-cp-color6\">\u00a7 5 \u2013 Absage eines Seminars oder Webinars<\/span><\/strong><\/p>\n<p class=\"brz-css-pincw\"><span class=\"brz-cp-color6\">(1) Der Anbieter beh\u00e4lt sich das Recht vor, die Teilnahmebest\u00e4tigung einseitig zu widerrufen und das Seminar\/Webinar abzusagen oder zu verlegen bzw. die Bereitstellung des Online Kurses abzubrechen. In diesem Fall kann der Kursh\u00f6rer an dem neuen oder an einem anderen Seminar-\/Webinartermin teilnehmen, die Nutzung des Online Kurses fortsetzen, sobald dieser wieder zur Verf\u00fcgung gestellt wird oder die Buchung stornieren. Im letzteren Fall wird dem Kursh\u00f6rer die gezahlte Geb\u00fchr vollst\u00e4ndig erstattet. Weitere Anspr\u00fcche sind ausgeschlossen.<\/span><\/p>\n<p class=\"brz-css-kppry\"><span class=\"brz-cp-color6\">(2) Kommt es bei Webinaren zu technischen St\u00f6rungen der Plattform, behalten wir uns die Absage oder Verschiebung des Webinars oder eines Abbruchs des Online Kurses vor. Wenn Sie der Verschiebung des Webinars nicht zustimmen k\u00f6nnen, zahlen wir Ihnen die Webinargeb\u00fchr zur\u00fcck. Sollte es zu technischen Problemen w\u00e4hrend des Webinars kommen, die nicht kurzfristig behoben werden k\u00f6nnen, setzen wir das Webinar zu einem anderen zeitnahen Termin neu an. Wir w\u00e4hlen die genutzte Plattform im eigenen Ermessen (Kriterien: Performance und Datenschutz) und behalten uns vor, das Webinar auf einer anderen Plattform durchzuf\u00fchren als initial angek\u00fcndigt.<\/span><\/p>\n<p class=\"brz-css-ntwhn\"><span class=\"brz-cp-color6\">(3) Storniert der Kursh\u00f6rer ein gebuchtes Seminar\/Webinar nach Ablauf der Widerrufsfrist bis 14 Tage vor dem Seminar-\/Webinartermin, berechnet der Anbieter eine Bearbeitungsgeb\u00fchr von 50% der Seminar- oder Webinargeb\u00fchr. Bei Stornierungen, die zu einem sp\u00e4teren Zeitpunkt eingehen, wird die gesamte Seminargeb\u00fchr f\u00e4llig.<\/span><\/p>\n<p class=\"brz-css-oacpe\"><span class=\"brz-cp-color6\">(4) Das mit Vertragsschluss erworbene Recht zur Teilnahme an einem Seminar\/Webinar ist nicht \u00fcbertragbar.<\/span><\/p>\n<\/div>\n<\/div>\n<\/div>\n<div class=\"brz-css-ohodt brz-wrapper\">\n<div class=\"brz-rich-text brz-rich-text__custom brz-css-jichh\" data-custom-id=\"runfajkkoamejoqsayuezyoedlnxbaqojzhl\">\n<div>\n<p class=\"brz-css-mldij\"><strong><span class=\"brz-cp-color6\">\u00a7 6 \u2013 Rabattbedingungen bei Pr\u00e4senzseminaren<\/span><\/strong><\/p>\n<p class=\"brz-css-abqrq\"><span class=\"brz-cp-color6\"> (1) Der Anbieter kann bei der Buchung von Gruppen f\u00fcr Pr\u00e4senzseminare Rabatte gew\u00e4hren. Es gelten die jeweiligen Rabattbedingungen (z.B. Erforderlichkeit einen Gutscheincode einzul\u00f6sen). Die Buchung einer Gruppe erfolgt durch einen Anmelder. Der Anbieter stellt die Rechnung \u00fcber die gesamten Seminargeb\u00fchren aller Mitangemeldeten an den Anmelder. Der Anmelder schuldet die Bezahlung der auf die gesamte Gruppe entfallenden Seminargeb\u00fchr. Soweit Zahlungen der Mitangemeldeten unter Nennung der f\u00fcr die Gruppenanmeldung geltenden Rechnungsnummer leisten, wird der Gruppenanmelder insoweit von der Zahlung befreit.<\/span><\/p>\n<p class=\"brz-css-rzmow\"><span class=\"brz-cp-color6\">(2) Der Anmelder ist verpflichtet, die f\u00fcr die Durchf\u00fchrung des Kurses erforderlichen Informationen (z.B. Name und E-Mail-Adresse der mitangemeldeten Teilnehmer) nur mit Einverst\u00e4ndnis der mitangemeldeten Teilnehmer in der \u201eBestellnotiz\u201c auf der Kassenseite anzugeben. Diese Daten werden durch den Anbieter dazu verwendet, allgemeine Informationen zum Seminar und Seminarmaterialien zu versenden und die Durchf\u00fchrung des Seminars zu organisieren (z.B. Druck von Namensschildern, Erstellung einer Teilnehmerliste). Eine Weitergabe von personenbezogenen Daten an Dritte erfolgt nicht.<\/span><\/p>\n<\/div>\n<\/div>\n<\/div>\n<div class=\"brz-css-ohodt brz-wrapper\">\n<div class=\"brz-rich-text brz-rich-text__custom brz-css-jichh\" data-custom-id=\"pkkpmzrsrbtqzniybrpixwdchyohmfldiauq\">\n<div>\n<p class=\"brz-css-zvwjf\"><strong><span class=\"brz-cp-color6\">\u00a7 7 \u2013\u00a0Widerrufsrecht<\/span><\/strong><\/p>\n<p class=\"brz-css-ibrxh\"><span class=\"brz-cp-color6\">(1) Widerrufsbelehrung<\/span><\/p>\n<p class=\"brz-css-jqrpv\"><strong class=\"brz-cp-color6\">Widerrufsrecht <\/strong><\/p>\n<p class=\"brz-css-inzgx\"><strong class=\"brz-cp-color6\">Sie haben das Recht, binnen vierzehn Tagen ohne Angabe von Gr\u00fcnden den Vertrag zu widerrufen.<\/strong><\/p>\n<p class=\"brz-css-jukye\"><strong class=\"brz-cp-color6\">Die Widerrufsfrist betr\u00e4gt vierzehn Tage ab dem Tag des Vertragsschlusses.<\/strong><\/p>\n<p class=\"brz-css-hipgb\"><strong class=\"brz-cp-color6\">Um Ihr Widerrufsrecht auszu\u00fcben, m\u00fcssen Sie uns (AssessorenRep GbR, Wilhelmshavener Heerstra\u00dfe 79, 26125 Oldenburg, 0170 2178590,\u00a0info@assrep.de) mittels einer eindeutigen Erkl\u00e4rung (z.B. ein mit der Post versandter Brief, Telefax oder E-Mail) \u00fcber Ihren Entschluss, diesen Vertrag zu widerrufen, informieren. Sie k\u00f6nnen daf\u00fcr das beigef\u00fcgte Muster-Widerrufsformular verwenden, das jedoch nicht vorgeschrieben ist.<\/strong><\/p>\n<p class=\"brz-css-sdjwp\"><span class=\"brz-cp-color6 brz-span\"><strong>Zur Wahrung der Widerrufsfrist reicht es aus, dass Sie die Mitteilung \u00fcber die Aus\u00fcbung des Widerrufsrechts vor Ablauf der Widerrufsfrist absenden.<\/strong><\/span><\/p>\n<p class=\"brz-css-jhiph\"><span class=\"brz-cp-color6 brz-span\"><strong>Widerrufsfolgen<\/strong><\/span><\/p>\n<p class=\"brz-css-zklmz\"><span class=\"brz-cp-color6 brz-span\"><strong>Wenn Sie diesen Vertrag widerrufen, haben wir Ihnen alle Zahlungen, die wir von Ihnen erhalten haben, einschlie\u00dflich der Lieferkosten (mit Ausnahme der zus\u00e4tzlichen Kosten, die sich daraus ergeben, dass Sie eine andere Art der Lieferung als die von uns angebotene, g\u00fcnstigste Standardlieferung gew\u00e4hlt haben), unverz\u00fcglich und sp\u00e4testens binnen vierzehn Tagen ab dem Tag zur\u00fcckzuzahlen, an dem die Mitteilung \u00fcber Ihren Widerruf dieses Vertrags bei uns eingegangen ist. F\u00fcr diese R\u00fcckzahlung verwenden wir dasselbe Zahlungsmittel, das Sie bei der urspr\u00fcnglichen Transaktion eingesetzt haben, es sei denn, mit Ihnen wurde ausdr\u00fccklich etwas anderes vereinbart; in keinen Fall werden Ihnen wegen dieser R\u00fcckzahlung Entgelte berechnet.Haben Sie verlangt, dass die Dienstleistung w\u00e4hrend der Widerrufsfrist beginnen soll, so haben Sie uns einen angemessenen Betrag zu zahlen, der dem Anteil der bis zu dem Zeitpunkt, zu dem Sie uns von der Aus\u00fcbung des Widerrufsrechts hinsichtlich dieses Vertrages unterrichten, bereits erbrachten Dienstleistungen im Vergleich zum Gesamtumfang der im Vertrag vorgesehenen Dienstleistungen entspricht.<\/strong><\/span><\/p>\n<p class=\"brz-css-vrdqv\"><span class=\"brz-cp-color6 brz-span\"><strong>Ende der Widerrufsbelehrung<\/strong><\/span><\/p>\n<p class=\"brz-css-hkkws\"><span class=\"brz-cp-color6 brz-span\"><strong>Das Muster-Widerrufsformular kann\u00a0<\/strong><\/span><a class=\"brz-cp-color3 link--external\" href=\"http:\/\/assrep.de\/wp-content\/uploads\/2017\/12\/Muster-Widerrufsformular.pdf\" target=\"_blank\" rel=\"noopener\" data-brz-link-type=\"external\"><strong>hier<\/strong><\/a><span class=\"brz-cp-color6 brz-span\"><strong> heruntergeladen werden.<\/strong><\/span><\/p>\n<p class=\"brz-css-tterb\"><span class=\"brz-cp-color6 brz-span\">(2) Das Widerrufsrecht erlischt mit der Zustimmung des Kursh\u00f6rers vorzeitig, wenn der Vertrag von beiden Seiten auf den ausdr\u00fccklichen Wunsch des Kursh\u00f6rers vollst\u00e4ndig erf\u00fcllt ist, bevor dieser sein Widerrufsrecht ausge\u00fcbt hat.<\/span><\/p>\n<\/div>\n<\/div>\n<\/div>\n<div class=\"brz-css-ohodt brz-wrapper\">\n<div class=\"brz-rich-text brz-rich-text__custom brz-css-jichh\" data-custom-id=\"qkhayfsjciwzqllpeieaqyjpuwcmydeibyba\">\n<div>\n<p class=\"brz-css-vollv\"><strong>\u00a7 8 \u2013 Schlussbestimmungen<\/strong><\/p>\n<p class=\"brz-css-zuypt\">(1) Auf Vertr\u00e4ge zwischen dem Anbieter und den Kursh\u00f6rer findet das Recht der Bundesrepublik Deutschland unter Ausschluss des UN-Kaufrechts Anwendung. Die gesetzlichen Vorschriften zur Beschr\u00e4nkung der Rechtswahl und zur Anwendbarkeit zwingender Vorschriften insbesondere des Staates, in dem der Kunde als Verbraucher seinen gew\u00f6hnlichen Aufenthalt hat, bleiben unber\u00fchrt.<\/p>\n<p class=\"brz-css-deqti\">(2)\u00a0Seit dem 15. Februar 2016 stellt die EU-Kommission eine Plattform f\u00fcr au\u00dfergerichtliche Streitschlichtung bereit, die Sie unter\u00a0<a class=\"link--external brz-cp-color3\" href=\"http:\/\/ec.europa.eu\/consumers\/odr\/\" target=\"_blank\" rel=\"noopener\" data-brz-link-type=\"external\">http:\/\/ec.europa.eu\/consumers\/odr\/<\/a>\u00a0finden. Verbrauchern gibt dies die M\u00f6glichkeit, Streitigkeiten im Zusammenhang mit Ihrer Online-Bestellung zun\u00e4chst ohne die Einschaltung eines Gerichts zu kl\u00e4ren.\u00a0Bei eventuellen Meinungsverschiedenheiten aus unserem Vertrag mit Ihnen als Kursh\u00f6rer ist es jedoch stets unser Ziel, diese auf direktem Wege mit Ihnen, schnell und einvernehmlich, beizulegen. Am Online-Streitbeilegungsverfahren der EU nehmen wir daher nicht teil. Wir bieten hierf\u00fcr eine hausinterne Schlichtungsl\u00f6sung an \u2013 kontaktieren Sie uns gern unter\u00a0info@assrep.de.<\/p>\n<p class=\"brz-css-vpcwk\">(3)\u00a0Wir sind nicht bereit und nicht verpflichtet an einem Streitbeilegungsverfahren vor einer Verbraucherschlichtungsstelle teilzunehmen.<\/p>\n<p class=\"brz-css-tymka\">(4) Diese Bedingungen bleiben auch bei rechtlicher Unwirksamkeit einzelner Punkte in ihren \u00fcbrigen Teilen verbindlich. Anstelle der unwirksamen Punkte treten, soweit vorhanden, die gesetzlichen Vorschriften. Soweit dies f\u00fcr eine Vertragspartei eine unzumutbare H\u00e4rte darstellen w\u00fcrde, wird der Vertrag jedoch im Ganzen unwirksam.<\/p>\n<\/div>\n<\/div>\n<\/div>\n<\/div>\n<\/div>\n<\/section>\n<\/div>\n<p><!-- version:1664247439 --><\/p>\n","protected":false},"excerpt":{"rendered":"<p>Allgemeine Gesch\u00e4ftsbedingungen f\u00fcr Vertr\u00e4ge \u00fcber Pr\u00e4senzseminare, Webinare und Online Kurs die zwischen der AssessorenRep GbR, Wilhelmshavener Heerstra\u00dfe 79, 26125 Oldenburg (im Folgenden \u201eAnbieter\u201c) und den Kunden (im Folgenden \u201eKursh\u00f6rer\u201c) geschlossen werden. \u00a7 1 \u2013 Unser Leitbild Der Anbieter hat den Anspruch, dem Kursh\u00f6rer in den angebotenen Seminaren eine optimale Examensvorbereitung zu dem Seminarthema zu bieten. [&hellip;]<\/p>\n","protected":false},"author":1,"featured_media":0,"parent":0,"menu_order":0,"comment_status":"closed","ping_status":"closed","template":"","meta":{"_et_pb_use_builder":"","_et_pb_old_content":"","_et_gb_content_width":"2880","pmpro_default_level":"","footnotes":""},"class_list":["post-27","page","type-page","status-publish","hentry","pmpro-has-access"],"_links":{"self":[{"href":"https:\/\/assrep.de\/assessorenrep\/wp-json\/wp\/v2\/pages\/27","targetHints":{"allow":["GET"]}}],"collection":[{"href":"https:\/\/assrep.de\/assessorenrep\/wp-json\/wp\/v2\/pages"}],"about":[{"href":"https:\/\/assrep.de\/assessorenrep\/wp-json\/wp\/v2\/types\/page"}],"author":[{"embeddable":true,"href":"https:\/\/assrep.de\/assessorenrep\/wp-json\/wp\/v2\/users\/1"}],"replies":[{"embeddable":true,"href":"https:\/\/assrep.de\/assessorenrep\/wp-json\/wp\/v2\/comments?post=27"}],"version-history":[{"count":32,"href":"https:\/\/assrep.de\/assessorenrep\/wp-json\/wp\/v2\/pages\/27\/revisions"}],"predecessor-version":[{"id":47851,"href":"https:\/\/assrep.de\/assessorenrep\/wp-json\/wp\/v2\/pages\/27\/revisions\/47851"}],"wp:attachment":[{"href":"https:\/\/assrep.de\/assessorenrep\/wp-json\/wp\/v2\/media?parent=27"}],"curies":[{"name":"wp","href":"https:\/\/api.w.org\/{rel}","templated":true}]}}